{"id":72,"date":"2025-09-11T19:42:40","date_gmt":"2025-09-11T19:42:40","guid":{"rendered":"https:\/\/casapollicino.ro\/?page_id=72"},"modified":"2025-09-11T19:42:40","modified_gmt":"2025-09-11T19:42:40","slug":"centrul-de-zi-pentru-copii","status":"publish","type":"page","link":"https:\/\/casapollicino.ro\/?page_id=72","title":{"rendered":"Centrul de zi pentru copii"},"content":{"rendered":"<ol>\n<li>Misiunea centrului este de a sprijini dezvoltarea \u00a0armonioas\u0103 \u00a0a copiilor prin servicii educa\u021bionale, de consiliere, socializare \u0219i sprijin material, contribuind la prevenirea abandonului \u0219colar si\/sau familial, \u00a0la reducerea riscului de excluziune social\u0103 \u0219i la consolidarea leg\u0103turii dintre copil, familie \u0219i comunitate.<\/li>\n<li>Copiii beneficiary ai serviciilor oferite in Centru sun copii ce au resedinta in Petrosani.<\/li>\n<\/ol>\n<ul>\n<li>Servicii oferite<\/li>\n<\/ul>\n<p>Beneficiarii\u00a0 servesc\u00a0 zilnic doua mese- mic dejun si pranz.<\/p>\n<p>Beneficiarii centrului beneficiaza de transport\u00a0 de la domiciliu pana la centru si retur.<\/p>\n<p><img loading=\"lazy\" decoding=\"async\" class=\"alignnone size-large wp-image-42\" src=\"https:\/\/casapollicino.ro\/wp-content\/uploads\/2025\/09\/Imagine-WhatsApp-2025-09-10-la-13.40.37_8e7cf6b3-576x1024.jpg\" alt=\"\" width=\"576\" height=\"1024\" srcset=\"https:\/\/casapollicino.ro\/wp-content\/uploads\/2025\/09\/Imagine-WhatsApp-2025-09-10-la-13.40.37_8e7cf6b3-576x1024.jpg 576w, https:\/\/casapollicino.ro\/wp-content\/uploads\/2025\/09\/Imagine-WhatsApp-2025-09-10-la-13.40.37_8e7cf6b3-169x300.jpg 169w, https:\/\/casapollicino.ro\/wp-content\/uploads\/2025\/09\/Imagine-WhatsApp-2025-09-10-la-13.40.37_8e7cf6b3-768x1365.jpg 768w, https:\/\/casapollicino.ro\/wp-content\/uploads\/2025\/09\/Imagine-WhatsApp-2025-09-10-la-13.40.37_8e7cf6b3-864x1536.jpg 864w, https:\/\/casapollicino.ro\/wp-content\/uploads\/2025\/09\/Imagine-WhatsApp-2025-09-10-la-13.40.37_8e7cf6b3.jpg 900w\" sizes=\"auto, (max-width: 576px) 100vw, 576px\" \/><\/p>\n<p>Activitati:<\/p>\n<h3>Activit\u0103\u021bi educative<\/h3>\n<p>&#8211; Sprijin la efectuarea temelor \u0219i recuperarea materiei \u0219colare.<\/p>\n<p>&#8211; Ateliere de lectur\u0103 \u0219i dezvoltarea limbajului.<\/p>\n<p>&#8211; Ateliere de matematic\u0103 prin jocuri interactive.<\/p>\n<p>&#8211; Educa\u021bie digital\u0103 de baz\u0103 \u2013 folosirea calculatorului \u0219i a internetului \u00een siguran\u021b\u0103.<\/p>\n<h3>Activit\u0103\u021bi recreative \u0219i artistice<\/h3>\n<p>&#8211; Ateliere de desen, pictur\u0103, modelaj \u0219i art\u0103 manual\u0103.<\/p>\n<p>&#8211; Muzic\u0103 \u0219i dans \u2013 dezvoltarea ritmului \u0219i exprim\u0103rii prin mi\u0219care.<\/p>\n<p>&#8211; Teatru \u0219i jocuri de rol pentru dezvoltarea expresivit\u0103\u021bii.<\/p>\n<p>&#8211; Jocuri de echip\u0103 \u0219i competi\u021bii prietenoase.<\/p>\n<h3>Activit\u0103\u021bi sportive \u0219i de mi\u0219care<\/h3>\n<p>&#8211; Jocuri \u00een aer liber \u2013 centru dispune de doua terenuri de activitati in aer liber.<\/p>\n<p>&#8211; Plimb\u0103ri \u0219i excursii \u00een natur\u0103.<\/p>\n<p>&#8211; Concursuri sportive adaptate v\u00e2rstei.<\/p>\n<h3>Activit\u0103\u021bi de dezvoltare personal\u0103 \u0219i social\u0103<\/h3>\n<p>&#8211; Ateliere de comunicare \u0219i lucru \u00een echip\u0103.<\/p>\n<p>&#8211; Jocuri de dezvoltare emo\u021bional\u0103 \u0219i autocunoa\u0219tere.<\/p>\n<p>&#8211; Discu\u021bii despre igien\u0103, s\u0103n\u0103tate \u0219i alimenta\u021bie echilibrat\u0103.<\/p>\n<p>&#8211; \u00cenv\u0103\u021barea unor abilit\u0103\u021bi practice de via\u021b\u0103 (g\u0103tit simplu, organizarea spa\u021biului personal).<\/p>\n<h3>Activit\u0103\u021bi de integrare comunitar\u0103<\/h3>\n<p>&#8211; Vizite la muzee, biblioteci, teatre.<\/p>\n<p>&#8211; Implicarea \u00een ac\u021biuni de voluntariat.<\/p>\n<p>&#8211; \u00cent\u00e2lniri cu diverse profesii pentru orientare voca\u021bional\u0103.<\/p>\n<p>&#8211; Parteneriate cu \u0219coli \u0219i ONG-uri pentru activit\u0103\u021bi commune.<\/p>\n","protected":false},"excerpt":{"rendered":"<p>Misiunea centrului este de a sprijini dezvoltarea \u00a0armonioas\u0103 \u00a0a copiilor prin servicii educa\u021bionale, de consiliere, socializare \u0219i sprijin material, contribuind la prevenirea abandonului \u0219colar si\/sau &hellip;<\/p>\n","protected":false},"author":1,"featured_media":0,"parent":0,"menu_order":5,"comment_status":"closed","ping_status":"closed","template":"","meta":{"footnotes":""},"class_list":["post-72","page","type-page","status-publish","hentry"],"_links":{"self":[{"href":"https:\/\/casapollicino.ro\/index.php?rest_route=\/wp\/v2\/pages\/72","targetHints":{"allow":["GET"]}}],"collection":[{"href":"https:\/\/casapollicino.ro\/index.php?rest_route=\/wp\/v2\/pages"}],"about":[{"href":"https:\/\/casapollicino.ro\/index.php?rest_route=\/wp\/v2\/types\/page"}],"author":[{"embeddable":true,"href":"https:\/\/casapollicino.ro\/index.php?rest_route=\/wp\/v2\/users\/1"}],"replies":[{"embeddable":true,"href":"https:\/\/casapollicino.ro\/index.php?rest_route=%2Fwp%2Fv2%2Fcomments&post=72"}],"version-history":[{"count":1,"href":"https:\/\/casapollicino.ro\/index.php?rest_route=\/wp\/v2\/pages\/72\/revisions"}],"predecessor-version":[{"id":73,"href":"https:\/\/casapollicino.ro\/index.php?rest_route=\/wp\/v2\/pages\/72\/revisions\/73"}],"wp:attachment":[{"href":"https:\/\/casapollicino.ro\/index.php?rest_route=%2Fwp%2Fv2%2Fmedia&parent=72"}],"curies":[{"name":"wp","href":"https:\/\/api.w.org\/{rel}","templated":true}]}}