{"id":38,"date":"2025-09-11T19:37:09","date_gmt":"2025-09-11T19:37:09","guid":{"rendered":"https:\/\/casapollicino.ro\/?page_id=38"},"modified":"2025-09-11T19:40:49","modified_gmt":"2025-09-11T19:40:49","slug":"centrul-de-zi-pentru-copii-si-tineri-cu-dizabiltati","status":"publish","type":"page","link":"https:\/\/casapollicino.ro\/?page_id=38","title":{"rendered":"Centrul\u00a0 de zi pentru\u00a0 copii si tineri cu dizabiltati"},"content":{"rendered":"<p>I) Misiunea centrului este aceea de a sprijinii copiii si tinerii cu dizabilitati sa isi atinga potentialul maxim prin activitati educationale, terapeutice si recreeative, oferindu-le un mediu sigur , prietenos si incluziv, sprijinind in acelasi timp familiile prin consiliere si resurse adecvate.<\/p>\n<p>II) Beneficiarii centrului sunt copii si tineri cu dizabilitati ce-si au resedinta in intreaga Vale a Jiului, dealtfel , centrul este\u00a0 serviciu unic in regiune.<\/p>\n<p>III) Servicii oferite<\/p>\n<p>Beneficiarii \u00a0servesc\u00a0 zilnic doua mese- mic dejun si pranz.<\/p>\n<p>Beneficiarii centrului beneficiaza de transport\u00a0 de la domiciliu pana la centru si retur.<\/p>\n<p><img loading=\"lazy\" decoding=\"async\" class=\"alignnone size-full wp-image-50\" src=\"https:\/\/casapollicino.ro\/wp-content\/uploads\/2025\/09\/Imagine-WhatsApp-2025-09-10-la-13.40.38_9965f119.jpg\" alt=\"\" width=\"1024\" height=\"768\" srcset=\"https:\/\/casapollicino.ro\/wp-content\/uploads\/2025\/09\/Imagine-WhatsApp-2025-09-10-la-13.40.38_9965f119.jpg 1024w, https:\/\/casapollicino.ro\/wp-content\/uploads\/2025\/09\/Imagine-WhatsApp-2025-09-10-la-13.40.38_9965f119-300x225.jpg 300w, https:\/\/casapollicino.ro\/wp-content\/uploads\/2025\/09\/Imagine-WhatsApp-2025-09-10-la-13.40.38_9965f119-768x576.jpg 768w, https:\/\/casapollicino.ro\/wp-content\/uploads\/2025\/09\/Imagine-WhatsApp-2025-09-10-la-13.40.38_9965f119-359x269.jpg 359w\" sizes=\"auto, (max-width: 1024px) 100vw, 1024px\" \/><\/p>\n<h5>Activitati:<\/h5>\n<h3>Activitati educationale si de dezvoltare<\/h3>\n<p>Stimulare cognitive;<\/p>\n<p>Activitati de pre-alfabetizare \u2013exercitii de pronuntie si vocabular;<\/p>\n<p>IT- adaptat:utilizarea calculatorului cu programe educationale.<\/p>\n<h3>Activit\u0103\u021bi de dezvoltare personal\u0103 \u0219i autonomie<\/h3>\n<p>&#8211; \u00cenv\u0103\u021barea rutinei zilnice (sp\u0103lat pe m\u00e2ini, periat din\u021bi, \u00eembr\u0103cat).<\/p>\n<p>&#8211; Exerci\u021bii pentru deprinderi de autoservire (folosirea tac\u00e2murilor, str\u00e2ngerea mesei).<\/p>\n<p>&#8211; Ateliere de g\u0103tit simple (prepararea unui sandwich, decorarea pr\u0103jiturilor).<\/p>\n<p>&#8211; Exerci\u021bii de gestionare a emo\u021biilor \u0219i dezvoltarea abilit\u0103\u021bilor sociale prin jocuri de rol.<\/p>\n<h3>Activit\u0103\u021bi artistice \u0219i creative<\/h3>\n<p>&#8211; Art-terapie: desen, pictur\u0103, colaj, modelaj din plastilin\u0103 sau lut.<\/p>\n<p>&#8211; Melo-terapie: ascultare muzic\u0103, c\u00e2ntat, b\u0103tut din palme, instrumente muzicale simple.<\/p>\n<p>&#8211; Teatru \u0219i joc de rol: scenete scurte, mim\u0103, marionette, serbari.<\/p>\n<p>&#8211; Dans-terapie: mi\u0219care pe ritmuri simple, dansuri adaptate.<\/p>\n<h3>Activit\u0103\u021bi de recuperare \u0219i terapie<\/h3>\n<p>&#8211; Kinetoterapie: exerci\u021bii fizice adaptate fiec\u0103rui copil.<\/p>\n<p>&#8211; Terapie ocupa\u021bional\u0103: activit\u0103\u021bi manuale care dezvolt\u0103 motricitatea fin\u0103 \u0219i grosier\u0103.<\/p>\n<p>&#8211; Logopedie: exerci\u021bii de stimulare a limbajului.<\/p>\n<p>&#8211; Terapie senzorial\u0103: jocuri tactile, vizuale, auditive, senzoriale cu materiale diferite.<\/p>\n<h3>Activit\u0103\u021bi recreative \u0219i de socializare<\/h3>\n<p>&#8211; Jocuri de grup (minge, trasee cu obstacole simple).<\/p>\n<p>&#8211; Ateliere de prietenie (\u00eenv\u0103\u021barea regulilor de cooperare \u0219i \u00eemp\u0103r\u021bire).<\/p>\n<p>&#8211; Activit\u0103\u021bi \u00een aer liber: plimb\u0103ri, joac\u0103 \u00een parc, gr\u0103din\u0103rit.<\/p>\n<p>&#8211; Excursii \u0219i vizite educative .<\/p>\n<p>&#8211; Hipoterapie.<\/p>\n","protected":false},"excerpt":{"rendered":"<p>I) Misiunea centrului este aceea de a sprijinii copiii si tinerii cu dizabilitati sa isi atinga potentialul maxim prin activitati educationale, terapeutice si recreeative, oferindu-le &hellip;<\/p>\n","protected":false},"author":1,"featured_media":0,"parent":0,"menu_order":4,"comment_status":"closed","ping_status":"closed","template":"","meta":{"footnotes":""},"class_list":["post-38","page","type-page","status-publish","hentry"],"_links":{"self":[{"href":"https:\/\/casapollicino.ro\/index.php?rest_route=\/wp\/v2\/pages\/38","targetHints":{"allow":["GET"]}}],"collection":[{"href":"https:\/\/casapollicino.ro\/index.php?rest_route=\/wp\/v2\/pages"}],"about":[{"href":"https:\/\/casapollicino.ro\/index.php?rest_route=\/wp\/v2\/types\/page"}],"author":[{"embeddable":true,"href":"https:\/\/casapollicino.ro\/index.php?rest_route=\/wp\/v2\/users\/1"}],"replies":[{"embeddable":true,"href":"https:\/\/casapollicino.ro\/index.php?rest_route=%2Fwp%2Fv2%2Fcomments&post=38"}],"version-history":[{"count":3,"href":"https:\/\/casapollicino.ro\/index.php?rest_route=\/wp\/v2\/pages\/38\/revisions"}],"predecessor-version":[{"id":71,"href":"https:\/\/casapollicino.ro\/index.php?rest_route=\/wp\/v2\/pages\/38\/revisions\/71"}],"wp:attachment":[{"href":"https:\/\/casapollicino.ro\/index.php?rest_route=%2Fwp%2Fv2%2Fmedia&parent=38"}],"curies":[{"name":"wp","href":"https:\/\/api.w.org\/{rel}","templated":true}]}}